{"id":84,"date":"2024-11-27T08:04:38","date_gmt":"2024-11-27T08:04:38","guid":{"rendered":"https:\/\/dev.promovetm.com\/?page_id=84"},"modified":"2024-12-09T16:08:00","modified_gmt":"2024-12-09T16:08:00","slug":"impressum","status":"publish","type":"page","link":"https:\/\/www.promovetm.com\/de\/impressum\/","title":{"rendered":"Impressum"},"content":{"rendered":"\n<h3 class=\"wp-block-heading\">Kontaktadresse<\/h3>\n\n\n\n<p>ProMove TM GmbH<br>Bahnhofstrasse 37<br>8001 Z\u00fcrich<br>Schweiz<\/p>\n\n\n\n<h3 class=\"wp-block-heading\">Vertretungsberechtigte Person<\/h3>\n\n\n\n<p>Michael Kres, Gr\u00fcnder und Partner<\/p>\n\n\n\n<p>Webdesign &amp; Entwicklung: <a href=\"https:\/\/8020webdesign.ch\/\">80\/20 Webdesign &amp; SEO Webagentur<\/a>. Diese Website wurde auf Basis des <a href=\"https:\/\/8020webdesign.ch\/wordpress-online-kurs\/\">WordPress Online Kurses<\/a> erstellt.<\/p>\n\n\n\n<h3 class=\"wp-block-heading\">Handelsregistereintrag<\/h3>\n\n\n\n<p>Eingetragener Firmenname: ProMove TM GmbH<br>Nummer: CHE-106.839.421<br>Handelsregisteramt: Z\u00fcrich<\/p>\n\n\n\n<h3 class=\"wp-block-heading\">Mehrwertsteuernummer<\/h3>\n\n\n\n<p>CHE-106.839.421<\/p>\n\n\n\n<h3 class=\"wp-block-heading\">Haftungsausschluss<\/h3>\n\n\n\n<p>Der Autor \u00fcbernimmt keinerlei Gew\u00e4hr hinsichtlich der inhaltlichen Richtigkeit, Genauigkeit, Aktualit\u00e4t, Zuverl\u00e4ssigkeit und Vollst\u00e4ndigkeit der Informationen.<\/p>\n\n\n\n<p>Haftungsanspr\u00fcche gegen den Autor wegen Sch\u00e4den materieller oder immaterieller Art, welche aus dem Zugriff oder der Nutzung bzw. Nichtnutzung der ver\u00f6ffentlichten Informationen, durch Missbrauch der Verbindung oder durch technische St\u00f6rungen entstanden sind, werden ausgeschlossen.<\/p>\n\n\n\n<p>Alle Angebote sind unverbindlich. Der Autor beh\u00e4lt es sich ausdr\u00fccklich vor, Teile der Seiten oder das gesamte Angebot ohne gesonderte Ank\u00fcndigung zu ver\u00e4ndern, zu erg\u00e4nzen, zu l\u00f6schen oder die Ver\u00f6ffentlichung zeitweise oder endg\u00fcltig einzustellen.<\/p>\n\n\n\n<h3 class=\"wp-block-heading\">Haftung f\u00fcr Links<\/h3>\n\n\n\n<p>Verweise und Links auf Webseiten Dritter liegen ausserhalb unseres Verantwortungsbereichs Es wird jegliche Verantwortung f\u00fcr solche Webseiten abgelehnt. Der Zugriff und die Nutzung solcher Webseiten erfolgen auf eigene Gefahr des Nutzers oder der Nutzerin.<\/p>\n\n\n\n<h3 class=\"wp-block-heading\">Urheberrechte<\/h3>\n\n\n\n<p>Die Urheber- und alle anderen Rechte an Inhalten, Bildern, Fotos oder anderen Dateien auf der Website geh\u00f6ren ausschliesslich&nbsp;<strong>der Firma ProMove TM GmbH<\/strong>&nbsp;oder den speziell genannten Rechtsinhabern. F\u00fcr die Reproduktion jeglicher Elemente ist die schriftliche Zustimmung der Urheberrechtstr\u00e4ger im Voraus einzuholen.<\/p>\n\n\n\n<h3 class=\"wp-block-heading\">Datenschutz<\/h3>\n\n\n\n<p>Gest\u00fctzt auf Artikel 13 der schweizerischen Bundesverfassung und die datenschutzrechtlichen Bestimmungen des Bundes (Datenschutzgesetz, DSG) hat jede Person Anspruch auf Schutz ihrer Privatsph\u00e4re sowie auf Schutz vor Missbrauch ihrer pers\u00f6nlichen Daten. Wir halten diese Bestimmungen ein. Pers\u00f6nliche Daten werden streng vertraulich behandelt und weder an Dritte verkauft noch weiter gegeben.<\/p>\n\n\n\n<p>In enger Zusammenarbeit mit unseren Hosting-Providern bem\u00fchen wir uns, die Datenbanken so gut wie m\u00f6glich vor fremden Zugriffen, Verlusten, Missbrauch oder vor F\u00e4lschung zu sch\u00fctzen.<\/p>\n\n\n\n<p>Beim Zugriff auf unsere Webseiten werden folgende Daten in Logfiles gespeichert: IP-Adresse, Datum, Uhrzeit, Browser-Anfrage und allg. \u00fcbertragene Informationen zum Betriebssystem resp. Browser. Diese Nutzungsdaten bilden die Basis f\u00fcr statistische, anonyme Auswertungen, so dass Trends erkennbar sind, anhand derer wir unsere Angebote entsprechend verbessern k\u00f6nnen.<\/p>\n\n\n\n<h3 class=\"wp-block-heading\">ProMove TM GmbH<\/h3>\n\n\n\n<h4 class=\"wp-block-heading\">ANGABEN GEM\u00c4SS \u00a7 5 TMG<\/h4>\n\n\n\n<p>ProMove TM GmbH<br>Bahnhofstrasse 37<br>8001 Z\u00fcrich<\/p>\n\n\n\n<h3 class=\"wp-block-heading\">Vertreten durch:<\/h3>\n\n\n\n<p>Michael Kres<\/p>\n\n\n\n<h3 class=\"wp-block-heading\">Kontakt:<\/h3>\n\n\n\n<p>Telefon: +41 44 214 60 96<br>E-Mail: info@promovetm.com<\/p>\n\n\n\n<h3 class=\"wp-block-heading\">Registereintrag:<\/h3>\n\n\n\n<p>Eintragung im Handelsregister.<br>Registernummer: CHE-111.784.808<\/p>\n\n\n\n<h3 class=\"wp-block-heading\">Hinweis auf EU-Streitschlichtung<\/h3>\n\n\n\n<p>Die Europ\u00e4ische Kommission stellt eine Plattform zur Online-Streitbeilegung (OS) bereit: <a href=\"http:\/\/ec.europa.eu\/consumers\/odr\">http:\/\/ec.europa.eu\/consumers\/odr<\/a><br>Unsere E-Mail-Adresse finden Sie oben im Impressum.<\/p>\n\n\n\n<h3 class=\"wp-block-heading\">HAFTUNGSAUSSCHLUSS:<\/h3>\n\n\n\n<p><strong>Haftung f\u00fcr Inhalte<\/strong><br>Die Inhalte unserer Seiten wurden mit gr\u00f6\u00dfter Sorgfalt erstellt. F\u00fcr die Richtigkeit, Vollst\u00e4ndigkeit und Aktualit\u00e4t der Inhalte k\u00f6nnen wir jedoch keine Gew\u00e4hr \u00fcbernehmen. Als Diensteanbieter sind wir gem\u00e4\u00df \u00a7 7 Abs.1 TMG f\u00fcr eigene Inhalte auf diesen Seiten nach den allgemeinen Gesetzen verantwortlich. Nach \u00a7\u00a7 8 bis 10 TMG sind wir als Diensteanbieter jedoch nicht verpflichtet, \u00fcbermittelte oder gespeicherte fremde Informationen zu \u00fcberwachen oder nach Umst\u00e4nden zu forschen, die auf eine rechtswidrige T\u00e4tigkeit hinweisen. Verpflichtungen zur Entfernung oder Sperrung der Nutzung von Informationen nach den allgemeinen Gesetzen bleiben hiervon unber\u00fchrt. Eine diesbez\u00fcgliche Haftung ist jedoch erst ab dem Zeitpunkt der Kenntnis einer konkreten Rechtsverletzung m\u00f6glich. Bei Bekanntwerden von entsprechenden Rechtsverletzungen werden wir diese Inhalte umgehend entfernen.<\/p>\n\n\n\n<p><strong>Haftung f\u00fcr Links<\/strong><br>Unser Angebot enth\u00e4lt Links zu externen Webseiten Dritter, auf deren Inhalte wir keinen Einfluss haben. Deshalb k\u00f6nnen wir f\u00fcr diese fremden Inhalte auch keine Gew\u00e4hr \u00fcbernehmen. F\u00fcr die Inhalte der verlinkten Seiten ist stets der jeweilige Anbieter oder Betreiber der Seiten verantwortlich. Die verlinkten Seiten wurden zum Zeitpunkt der Verlinkung auf m\u00f6gliche Rechtsverst\u00f6\u00dfe \u00fcberpr\u00fcft. Rechtswidrige Inhalte waren zum Zeitpunkt der Verlinkung nicht erkennbar. Eine permanente inhaltliche Kontrolle der verlinkten Seiten ist jedoch ohne konkrete Anhaltspunkte einer Rechtsverletzung nicht zumutbar. Bei Bekanntwerden von Rechtsverletzungen werden wir derartige Links umgehend entfernen.<\/p>\n\n\n\n<p><strong>Urheberrecht<\/strong><br>Die durch die Seitenbetreiber erstellten Inhalte und Werke auf diesen Seiten unterliegen dem deutschen Urheberrecht. Die Vervielf\u00e4ltigung, Bearbeitung, Verbreitung und jede Art der Verwertung au\u00dferhalb der Grenzen des Urheberrechtes bed\u00fcrfen der schriftlichen Zustimmung des jeweiligen Autors bzw. Erstellers. Downloads und Kopien dieser Seite sind nur f\u00fcr den privaten, nicht kommerziellen Gebrauch gestattet. Soweit die Inhalte auf dieser Seite nicht vom Betreiber erstellt wurden, werden die Urheberrechte Dritter beachtet. Insbesondere werden Inhalte Dritter als solche gekennzeichnet. Sollten Sie trotzdem auf eine Urheberrechtsverletzung aufmerksam werden, bitten wir um einen entsprechenden Hinweis. Bei Bekanntwerden von Rechtsverletzungen werden wir derartige Inhalte umgehend entfernen.<\/p>\n","protected":false},"excerpt":{"rendered":"<p>Kontaktadresse ProMove TM GmbHBahnhofstrasse 378001 Z\u00fcrichSchweiz Vertretungsberechtigte Person Michael Kres, Gr\u00fcnder und Partner Webdesign &amp; Entwicklung: 80\/20 Webdesign &amp; SEO Webagentur. Diese Website wurde auf Basis des WordPress Online Kurses erstellt. Handelsregistereintrag Eingetragener Firmenname: ProMove TM GmbHNummer: CHE-106.839.421Handelsregisteramt: Z\u00fcrich Mehrwertsteuernummer CHE-106.839.421 Haftungsausschluss Der Autor \u00fcbernimmt keinerlei Gew\u00e4hr hinsichtlich der inhaltlichen Richtigkeit, Genauigkeit, Aktualit\u00e4t, Zuverl\u00e4ssigkeit und [&hellip;]<\/p>\n","protected":false},"author":1,"featured_media":0,"parent":0,"menu_order":0,"comment_status":"closed","ping_status":"closed","template":"templates\/legal-page.php","meta":{"_acf_changed":false,"footnotes":""},"class_list":["post-84","page","type-page","status-publish","hentry"],"acf":[],"_links":{"self":[{"href":"https:\/\/www.promovetm.com\/de\/wp-json\/wp\/v2\/pages\/84","targetHints":{"allow":["GET"]}}],"collection":[{"href":"https:\/\/www.promovetm.com\/de\/wp-json\/wp\/v2\/pages"}],"about":[{"href":"https:\/\/www.promovetm.com\/de\/wp-json\/wp\/v2\/types\/page"}],"author":[{"embeddable":true,"href":"https:\/\/www.promovetm.com\/de\/wp-json\/wp\/v2\/users\/1"}],"replies":[{"embeddable":true,"href":"https:\/\/www.promovetm.com\/de\/wp-json\/wp\/v2\/comments?post=84"}],"version-history":[{"count":6,"href":"https:\/\/www.promovetm.com\/de\/wp-json\/wp\/v2\/pages\/84\/revisions"}],"predecessor-version":[{"id":717,"href":"https:\/\/www.promovetm.com\/de\/wp-json\/wp\/v2\/pages\/84\/revisions\/717"}],"wp:attachment":[{"href":"https:\/\/www.promovetm.com\/de\/wp-json\/wp\/v2\/media?parent=84"}],"curies":[{"name":"wp","href":"https:\/\/api.w.org\/{rel}","templated":true}]}}